{"id":1196,"date":"2018-11-06T10:34:24","date_gmt":"2018-11-06T10:34:24","guid":{"rendered":"https:\/\/the7.io\/church\/?page_id=5"},"modified":"2018-11-06T10:34:24","modified_gmt":"2018-11-06T10:34:24","slug":"home-2","status":"publish","type":"page","link":"https:\/\/www.rossiwebtest.it\/regina\/home-2\/","title":{"rendered":"Home"},"content":{"rendered":"<p>[vc_row full_width=&#8221;stretch_row_content&#8221; full_height=&#8221;yes&#8221; columns_placement=&#8221;bottom&#8221; equal_height=&#8221;yes&#8221; content_placement=&#8221;middle&#8221; bg_type=&#8221;video&#8221; video_url=&#8221;https:\/\/www.laregina.com\/wp-content\/uploads\/2021\/06\/La-San-Marzano-_-A-Shared-Passion_Trim.mp4&#8243; video_opts=&#8221;loop,muted&#8221; bg_override=&#8221;ex-full&#8221; enable_overlay=&#8221;enable_overlay_value&#8221; overlay_color=&#8221;rgba(34,33,35,0.3)&#8221; overlay_pattern=&#8221;01.png&#8221; overlay_pattern_opacity=&#8221;10&#8243; css=&#8221;.vc_custom_1624349300419{padding-top: 0px !important;padding-bottom: 0px !important;}&#8221;][vc_column css_animation=&#8221;fadeInUp&#8221; css=&#8221;.vc_custom_1622043641829{padding-top: 150px !important;padding-bottom: 50px !important;padding-left: 50px !important;background-position: center !important;background-repeat: no-repeat !important;background-size: cover !important;}&#8221; el_class=&#8221;higher-z-index&#8221; offset=&#8221;vc_col-lg-12 vc_col-md-12 vc_col-xs-12&#8243;]<div id=\"ultimate-heading-756169d08c849cfc8\" class=\"uvc-heading ult-adjust-bottom-margin ultimate-heading-756169d08c849cfc8 uvc-1595 border-fix\" data-hspacer=\"no_spacer\"  data-halign=\"center\" style=\"text-align:center\"><div class=\"uvc-heading-spacer no_spacer\" style=\"top\"><\/div><div class=\"uvc-main-heading ult-responsive\"  data-ultimate-target='.uvc-heading.ultimate-heading-756169d08c849cfc8 h1'  data-responsive-json-new='{\"font-size\":\"desktop:86px;tablet:76px;tablet_portrait:66px;mobile_landscape:56px;\",\"line-height\":\"desktop:96px;tablet:86px;tablet_portrait:76px;mobile_landscape:66px;\"}' ><h1 style=\"--font-weight:theme;color:#ffffff;margin-bottom:5px;\">100% Pomodoro Italiano<\/h1><\/div><div class=\"uvc-sub-heading ult-responsive\"  data-ultimate-target='.uvc-heading.ultimate-heading-756169d08c849cfc8 .uvc-sub-heading '  data-responsive-json-new='{\"font-size\":\"desktop:40px;tablet:36px;tablet_portrait:32px;mobile_landscape:28px;\",\"line-height\":\"desktop:50px;tablet:46px;tablet_portrait:42px;mobile_landscape:38px;\"}'  style=\"font-weight:normal;color:#c19434;margin-bottom:25px;\">dal 1972<\/div><\/div><div id=\"ultimate-heading-135769d08c849d02d\" class=\"uvc-heading ult-adjust-bottom-margin ultimate-heading-135769d08c849d02d uvc-5916  uvc-heading-default-font-sizes\" data-hspacer=\"no_spacer\"  data-halign=\"center\" style=\"text-align:center\"><div class=\"uvc-heading-spacer no_spacer\" style=\"top\"><\/div><\/div>[\/vc_column][\/vc_row][vc_row equal_height=&#8221;yes&#8221; content_placement=&#8221;middle&#8221; bg_type=&#8221;bg_color&#8221; bg_override=&#8221;full&#8221; css=&#8221;.vc_custom_1561963340415{padding-top: 70px !important;padding-bottom: 70px !important;}&#8221; bg_color_value=&#8221;#f7f7f7&#8243;][vc_column width=&#8221;5\/6&#8243; offset=&#8221;vc_col-lg-offset-2 vc_col-lg-8 vc_col-md-offset-2 vc_col-md-8 vc_col-sm-offset-1 vc_col-xs-12&#8243;]<div id=\"ultimate-heading-168769d08c849d05f\" class=\"uvc-heading ult-adjust-bottom-margin ultimate-heading-168769d08c849d05f uvc-9182  uvc-heading-default-font-sizes\" data-hspacer=\"no_spacer\"  data-halign=\"center\" style=\"text-align:center\"><div class=\"uvc-heading-spacer no_spacer\" style=\"top\"><\/div><div class=\"uvc-main-heading ult-responsive\"  data-ultimate-target='.uvc-heading.ultimate-heading-168769d08c849d05f h2'  data-responsive-json-new='{\"font-size\":\"\",\"line-height\":\"\"}' ><h2 style=\"--font-weight:theme;color:#d19d39;margin-bottom:30px;\">La Regina di San Marzano di Antonio Romano S.p.A.<\/h2><\/div><\/div><div id=\"ultimate-heading-167269d08c849d08b\" class=\"uvc-heading ult-adjust-bottom-margin ultimate-heading-167269d08c849d08b uvc-1229  uvc-heading-default-font-sizes\" data-hspacer=\"no_spacer\"  data-halign=\"center\" style=\"text-align:center\"><div class=\"uvc-heading-spacer no_spacer\" style=\"top\"><\/div><div class=\"uvc-sub-heading ult-responsive\"  data-ultimate-target='.uvc-heading.ultimate-heading-167269d08c849d08b .uvc-sub-heading '  data-responsive-json-new='{\"font-size\":\"\",\"line-height\":\"\"}'  style=\"font-weight:normal;\">Forte di una tradizione lunga 30 anni, La Regina di San Marzano e\u2019 oggi un\u2019azienda affermata nel settore agroalimentare che trova i suoi punti di forza negli elevati standard qualitativi dei propri prodotti.<\/div><\/div><style type=\"text\/css\" data-type=\"the7_shortcodes-inline-css\">#default-btn-65d4e08fd2e1d7878067b109a086683f.ico-right-side > i {\n  margin-right: 0px;\n  margin-left: 8px;\n}\n#default-btn-65d4e08fd2e1d7878067b109a086683f > i {\n  margin-right: 8px;\n}\n#default-btn-65d4e08fd2e1d7878067b109a086683f * {\n  vertical-align: middle;\n}\n<\/style><div class=\"btn-align-center\"><a href=\"https:\/\/www.laregina.com\/l-azienda\/\" class=\"default-btn-shortcode dt-btn dt-btn-l link-hover-off  vc_custom_1636733362099\" id=\"default-btn-65d4e08fd2e1d7878067b109a086683f\" title=\"Chi siamo\"><span>Scopri di pi\u00f9<\/span><\/a><\/div>[\/vc_column][\/vc_row][vc_row full_width=&#8221;stretch_row_content&#8221; equal_height=&#8221;yes&#8221; content_placement=&#8221;middle&#8221; css=&#8221;.vc_custom_1622126288140{padding-top: 0px !important;padding-bottom: 30px !important;}&#8221;][vc_column css_animation=&#8221;fadeInLeft&#8221; width=&#8221;1\/2&#8243; css=&#8221;.vc_custom_1622043789936{padding-top: 0px !important;}&#8221;][vc_single_image image=&#8221;1226&#8243; img_size=&#8221;1200&#215;800&#8243; css=&#8221;.vc_custom_1622043753649{margin-bottom: 30px !important;}&#8221;][\/vc_column][vc_column css_animation=&#8221;fadeInRight&#8221; width=&#8221;1\/2&#8243; css=&#8221;.vc_custom_1622126241115{padding-bottom: 30px !important;background-color: #a92020 !important;}&#8221;]<div id=\"ultimate-heading-730669d08c849d22b\" class=\"uvc-heading ult-adjust-bottom-margin ultimate-heading-730669d08c849d22b uvc-9298  uvc-heading-default-font-sizes\" data-hspacer=\"no_spacer\"  data-halign=\"left\" style=\"text-align:left\"><div class=\"uvc-heading-spacer no_spacer\" style=\"top\"><\/div><div class=\"uvc-main-heading ult-responsive\"  data-ultimate-target='.uvc-heading.ultimate-heading-730669d08c849d22b h2'  data-responsive-json-new='{\"font-size\":\"\",\"line-height\":\"\"}' ><h2 style=\"--font-weight:theme;color:#fcfcfc;margin-bottom:30px;\">Le nostre produzioni<\/h2><\/div><div class=\"uvc-sub-heading ult-responsive\"  data-ultimate-target='.uvc-heading.ultimate-heading-730669d08c849d22b .uvc-sub-heading '  data-responsive-json-new='{\"font-size\":\"\",\"line-height\":\"\"}'  style=\"font-weight:normal;color:#ffffff;\">Nel corso degli anni abbiamo sviluppato significativi vantaggi competitivi rispetto alla concorrenza. I nostri prodotti sono caratterizzati dal gusto tradizionale tipico di un prodotto preparato in casa, con elementi selezionati con cura, con consistenza di succo superiore alla concorrenza, con una densita\u2019 e dolcezza dovuta principalmente all\u2019utilizzo di pomodori i prima linea.<\/div><\/div>[\/vc_column][vc_column css=&#8221;.vc_custom_1622126331867{padding-top: 80px !important;padding-bottom: 80px !important;}&#8221;][vc_row_inner][vc_column_inner][vc_single_image image=&#8221;1230&#8243; img_size=&#8221;full&#8221; alignment=&#8221;center&#8221; css_animation=&#8221;fadeIn&#8221;][\/vc_column_inner][\/vc_row_inner][\/vc_column][\/vc_row][vc_row full_width=&#8221;stretch_row&#8221; content_placement=&#8221;middle&#8221; css=&#8221;.vc_custom_1636730692716{background-color: #213870 !important;}&#8221;][vc_column width=&#8221;1\/2&#8243;]<div id=\"ultimate-heading-856169d08c849d266\" class=\"uvc-heading ult-adjust-bottom-margin ultimate-heading-856169d08c849d266 uvc-1053 \" data-hspacer=\"no_spacer\"  data-halign=\"center\" style=\"text-align:center\"><div class=\"uvc-heading-spacer no_spacer\" style=\"top\"><\/div><div class=\"uvc-main-heading ult-responsive\"  data-ultimate-target='.uvc-heading.ultimate-heading-856169d08c849d266 h4'  data-responsive-json-new='{\"font-size\":\"desktop:56px;\",\"line-height\":\"\"}' ><h4 style=\"--font-weight:theme;color:#ffffff;\">I nostri sughi pronti<\/h4><\/div><\/div><div id=\"ultimate-heading-853769d08c849d2af\" class=\"uvc-heading ult-adjust-bottom-margin ultimate-heading-853769d08c849d2af uvc-1066  uvc-heading-default-font-sizes\" data-hspacer=\"no_spacer\"  data-halign=\"center\" style=\"text-align:center\"><div class=\"uvc-heading-spacer no_spacer\" style=\"top\"><\/div><div class=\"uvc-main-heading ult-responsive\"  data-ultimate-target='.uvc-heading.ultimate-heading-853769d08c849d2af h2'  data-responsive-json-new='{\"font-size\":\"\",\"line-height\":\"\"}' ><h2 style=\"--font-weight:theme;color:#ffffff;margin-bottom:30px;\">La Preparazione<\/h2><\/div><\/div>[vc_column_text]<span style=\"color: #ffffff;\">In Italia, consideriamo la preparazione come l&#8217;ingrediente finale di qualsiasi piatto. Questo \u00e8 il momento in cui aggiungiamo il tocco finale: l&#8217;amore.<\/span><\/p>\n<p><span style=\"color: #ffffff;\">Il nostro metodo di cottura \u00e8 il pi\u00f9 antico del mondo, ed \u00e8 ancora apprezzato dalle nonne e dalle mamme\u00a0 San Marzano. Si chiama 50 Minuti Lento &amp; Mescolato, ed \u00e8 praticato ogni giorno in ogni lotto di salsa che facciamo.<\/span>[\/vc_column_text][vc_column_text]<span style=\"color: #ffffff;\">Il tempo \u00e8 il nostro ingrediente segreto.<\/span><\/p>\n<p><span style=\"color: #ffffff;\">Ogni salsa \u00e8 cotta lentamente (&#8220;lento&#8221;, come diciamo in Italia) a fuoco basso e mescolata, mescolata, mescolata senza fermarsi. Questo metodo celebra ogni ingrediente e crea il perfetto equilibrio di sapori. Ricco e caldo, ma leggero e naturale &#8211; questo \u00e8 il sapore della salsa italiana.<\/span><\/p>\n<p><span style=\"color: #ffffff;\">Noi rallentiamo e ci prendiamo il nostro tempo su ogni salsa in modo che tu possa godere del sapore senza tempo in soli 3 minuti. Ma la vita \u00e8 breve, quindi non dimenticare di fermarti ad annusare il basilico ogni tanto.<\/span>[\/vc_column_text][\/vc_column][vc_column width=&#8221;1\/2&#8243;][vc_single_image image=&#8221;54292&#8243; img_size=&#8221;full&#8221; style=&#8221;vc_box_circle_2&#8243;][\/vc_column][\/vc_row][vc_row full_width=&#8221;stretch_row&#8221; content_placement=&#8221;middle&#8221; css=&#8221;.vc_custom_1636730089373{background-color: #a92020 !important;}&#8221;][vc_column width=&#8221;1\/2&#8243;][vc_single_image image=&#8221;54293&#8243; img_size=&#8221;full&#8221; style=&#8221;vc_box_circle_2&#8243;][\/vc_column][vc_column width=&#8221;1\/2&#8243;]<div id=\"ultimate-heading-306069d08c849d2e9\" class=\"uvc-heading ult-adjust-bottom-margin ultimate-heading-306069d08c849d2e9 uvc-7362  uvc-heading-default-font-sizes\" data-hspacer=\"no_spacer\"  data-halign=\"center\" style=\"text-align:center\"><div class=\"uvc-heading-spacer no_spacer\" style=\"top\"><\/div><div class=\"uvc-main-heading ult-responsive\"  data-ultimate-target='.uvc-heading.ultimate-heading-306069d08c849d2e9 h2'  data-responsive-json-new='{\"font-size\":\"\",\"line-height\":\"\"}' ><h2 style=\"--font-weight:theme;color:#ffffff;margin-bottom:30px;\">Sapore senza tempo<\/h2><\/div><\/div>[vc_column_text]<span style=\"color: #ffffff;\">Tutti i nostri ingredienti sono coltivati in Italia e sono stati usati dalla nostra famiglia per secoli.<\/span><\/p>\n<p><span style=\"color: #ffffff;\">Ogni paffuto pomodoro, ogni goccia di olio extra vergine di oliva, ogni rametto di basilico, ogni spicchio di formaggio pecorino o parmigiano DOP, ogni spicchio d&#8217;aglio, ogni cipolla e ogni peperoncino provengono da casa nostra.<\/span><\/p>\n<p><span style=\"color: #ffffff;\">I nostri prodotti sono naturali al 100% e sono fatti con ingredienti freschi di giardino.<\/span><\/p>\n<p><span style=\"color: #ffffff;\">Le nostre salse sono conservate con tecniche antiche &#8211; mai conservanti &#8211; e le nostre ricette sono le stesse usate dalle nostre madri, nonne e bisnonne. Tutte sono preparate con il nostro metodo Lento &amp; Mescolato 50 Minuti, garantendo il sapore ricco ed equilibrato di una salsa a lenta cottura in ogni barattolo.<\/span><\/p>\n<p><span style=\"color: #ffffff;\">Grazie a La San Marzano, gli antichi sapori d&#8217;Italia possono adattarsi al tuo stile di vita moderno.<\/span>[\/vc_column_text][\/vc_column][\/vc_row]<\/p>\n","protected":false},"excerpt":{"rendered":"<p>[vc_row full_width=&#8221;stretch_row_content&#8221; full_height=&#8221;yes&#8221; columns_placement=&#8221;bottom&#8221; equal_height=&#8221;yes&#8221; content_placement=&#8221;middle&#8221; bg_type=&#8221;video&#8221; video_url=&#8221;https:\/\/www.laregina.com\/wp-content\/uploads\/2021\/06\/La-San-Marzano-_-A-Shared-Passion_Trim.mp4&#8243; video_opts=&#8221;loop,muted&#8221; bg_override=&#8221;ex-full&#8221; enable_overlay=&#8221;enable_overlay_value&#8221; overlay_color=&#8221;rgba(34,33,35,0.3)&#8221; overlay_pattern=&#8221;01.png&#8221; overlay_pattern_opacity=&#8221;10&#8243; css=&#8221;.vc_custom_1624349300419{padding-top: 0px !important;padding-bottom: 0px !important;}&#8221;][vc_column css_animation=&#8221;fadeInUp&#8221; css=&#8221;.vc_custom_1622043641829{padding-top: 150px !important;padding-bottom: 50px !important;padding-left: 50px !important;background-position: center !important;background-repeat: no-repeat !important;background-size: cover !important;}&#8221; el_class=&#8221;higher-z-index&#8221; offset=&#8221;vc_col-lg-12 vc_col-md-12 vc_col-xs-12&#8243;][\/vc_column][\/vc_row][vc_row equal_height=&#8221;yes&#8221; content_placement=&#8221;middle&#8221; bg_type=&#8221;bg_color&#8221; bg_override=&#8221;full&#8221; css=&#8221;.vc_custom_1561963340415{padding-top: 70px !important;padding-bottom: 70px !important;}&#8221; bg_color_value=&#8221;#f7f7f7&#8243;][vc_column width=&#8221;5\/6&#8243; offset=&#8221;vc_col-lg-offset-2 vc_col-lg-8 vc_col-md-offset-2 vc_col-md-8 vc_col-sm-offset-1 vc_col-xs-12&#8243;][\/vc_column][\/vc_row][vc_row full_width=&#8221;stretch_row_content&#8221;&hellip;<\/p>\n","protected":false},"author":1,"featured_media":0,"parent":0,"menu_order":0,"comment_status":"closed","ping_status":"closed","template":"template-microsite.php","meta":[],"class_list":["post-1196","page","type-page","status-publish","hentry","description-off"],"yoast_head":"<!-- This site is optimized with the Yoast SEO plugin v16.3 - https:\/\/yoast.com\/wordpress\/plugins\/seo\/ -->\n<title>Home - La Regina di San Marzano<\/title>\n<meta name=\"robots\" content=\"index, follow, max-snippet:-1, max-image-preview:large, max-video-preview:-1\" \/>\n<link rel=\"canonical\" href=\"https:\/\/www.rossiwebtest.it\/regina\/home-2\/\" \/>\n<meta property=\"og:locale\" content=\"it_IT\" \/>\n<meta property=\"og:type\" content=\"article\" \/>\n<meta property=\"og:title\" content=\"Home - La Regina di San Marzano\" \/>\n<meta property=\"og:description\" content=\"[vc_row full_width=&#8221;stretch_row_content&#8221; full_height=&#8221;yes&#8221; columns_placement=&#8221;bottom&#8221; equal_height=&#8221;yes&#8221; content_placement=&#8221;middle&#8221; bg_type=&#8221;video&#8221; video_url=&#8221;https:\/\/www.laregina.com\/wp-content\/uploads\/2021\/06\/La-San-Marzano-_-A-Shared-Passion_Trim.mp4&#8243; video_opts=&#8221;loop,muted&#8221; bg_override=&#8221;ex-full&#8221; enable_overlay=&#8221;enable_overlay_value&#8221; overlay_color=&#8221;rgba(34,33,35,0.3)&#8221; overlay_pattern=&#8221;01.png&#8221; overlay_pattern_opacity=&#8221;10&#8243; css=&#8221;.vc_custom_1624349300419{padding-top: 0px !important;padding-bottom: 0px !important;}&#8221;][vc_column css_animation=&#8221;fadeInUp&#8221; css=&#8221;.vc_custom_1622043641829{padding-top: 150px !important;padding-bottom: 50px !important;padding-left: 50px !important;background-position: center !important;background-repeat: no-repeat !important;background-size: cover !important;}&#8221; el_class=&#8221;higher-z-index&#8221; offset=&#8221;vc_col-lg-12 vc_col-md-12 vc_col-xs-12&#8243;][\/vc_column][\/vc_row][vc_row equal_height=&#8221;yes&#8221; content_placement=&#8221;middle&#8221; bg_type=&#8221;bg_color&#8221; bg_override=&#8221;full&#8221; css=&#8221;.vc_custom_1561963340415{padding-top: 70px !important;padding-bottom: 70px !important;}&#8221; bg_color_value=&#8221;#f7f7f7&#8243;][vc_column width=&#8221;5\/6&#8243; offset=&#8221;vc_col-lg-offset-2 vc_col-lg-8 vc_col-md-offset-2 vc_col-md-8 vc_col-sm-offset-1 vc_col-xs-12&#8243;][\/vc_column][\/vc_row][vc_row full_width=&#8221;stretch_row_content&#8221;&hellip;\" \/>\n<meta property=\"og:url\" content=\"https:\/\/www.rossiwebtest.it\/regina\/home-2\/\" \/>\n<meta property=\"og:site_name\" content=\"La Regina di San Marzano\" \/>\n<meta name=\"twitter:card\" content=\"summary_large_image\" \/>\n<meta name=\"twitter:label1\" content=\"Tempo di lettura stimato\">\n\t<meta name=\"twitter:data1\" content=\"3 minuti\">\n<script type=\"application\/ld+json\" class=\"yoast-schema-graph\">{\"@context\":\"https:\/\/schema.org\",\"@graph\":[{\"@type\":\"WebSite\",\"@id\":\"https:\/\/www.rossiwebtest.it\/regina\/#website\",\"url\":\"https:\/\/www.rossiwebtest.it\/regina\/\",\"name\":\"La Regina di San Marzano\",\"description\":\"di Antonio Romano\",\"potentialAction\":[{\"@type\":\"SearchAction\",\"target\":\"https:\/\/www.rossiwebtest.it\/regina\/?s={search_term_string}\",\"query-input\":\"required name=search_term_string\"}],\"inLanguage\":\"it-IT\"},{\"@type\":\"WebPage\",\"@id\":\"https:\/\/www.rossiwebtest.it\/regina\/home-2\/#webpage\",\"url\":\"https:\/\/www.rossiwebtest.it\/regina\/home-2\/\",\"name\":\"Home - La Regina di San Marzano\",\"isPartOf\":{\"@id\":\"https:\/\/www.rossiwebtest.it\/regina\/#website\"},\"datePublished\":\"2018-11-06T10:34:24+00:00\",\"dateModified\":\"2018-11-06T10:34:24+00:00\",\"breadcrumb\":{\"@id\":\"https:\/\/www.rossiwebtest.it\/regina\/home-2\/#breadcrumb\"},\"inLanguage\":\"it-IT\",\"potentialAction\":[{\"@type\":\"ReadAction\",\"target\":[\"https:\/\/www.rossiwebtest.it\/regina\/home-2\/\"]}]},{\"@type\":\"BreadcrumbList\",\"@id\":\"https:\/\/www.rossiwebtest.it\/regina\/home-2\/#breadcrumb\",\"itemListElement\":[{\"@type\":\"ListItem\",\"position\":1,\"item\":{\"@type\":\"WebPage\",\"@id\":\"https:\/\/www.rossiwebtest.it\/regina\/\",\"url\":\"https:\/\/www.rossiwebtest.it\/regina\/\",\"name\":\"Home\"}},{\"@type\":\"ListItem\",\"position\":2,\"item\":{\"@id\":\"https:\/\/www.rossiwebtest.it\/regina\/home-2\/#webpage\"}}]}]}<\/script>\n<!-- \/ Yoast SEO plugin. -->","_links":{"self":[{"href":"https:\/\/www.rossiwebtest.it\/regina\/wp-json\/wp\/v2\/pages\/1196","targetHints":{"allow":["GET"]}}],"collection":[{"href":"https:\/\/www.rossiwebtest.it\/regina\/wp-json\/wp\/v2\/pages"}],"about":[{"href":"https:\/\/www.rossiwebtest.it\/regina\/wp-json\/wp\/v2\/types\/page"}],"author":[{"embeddable":true,"href":"https:\/\/www.rossiwebtest.it\/regina\/wp-json\/wp\/v2\/users\/1"}],"replies":[{"embeddable":true,"href":"https:\/\/www.rossiwebtest.it\/regina\/wp-json\/wp\/v2\/comments?post=1196"}],"version-history":[{"count":0,"href":"https:\/\/www.rossiwebtest.it\/regina\/wp-json\/wp\/v2\/pages\/1196\/revisions"}],"wp:attachment":[{"href":"https:\/\/www.rossiwebtest.it\/regina\/wp-json\/wp\/v2\/media?parent=1196"}],"curies":[{"name":"wp","href":"https:\/\/api.w.org\/{rel}","templated":true}]}}